{"id":24,"date":"2025-12-12T08:42:02","date_gmt":"2025-12-12T13:42:02","guid":{"rendered":"https:\/\/juansebastianmendez.com\/?page_id=24"},"modified":"2026-03-23T05:22:38","modified_gmt":"2026-03-23T10:22:38","slug":"inicio","status":"publish","type":"page","link":"https:\/\/juansebastianmendez.com\/en\/","title":{"rendered":"Home"},"content":{"rendered":"\t\t<div data-elementor-type=\"wp-page\" data-elementor-id=\"24\" class=\"elementor elementor-24\">\n\t\t\t\t<div class=\"elementor-element elementor-element-7efbbcd e-con-full e-flex e-con e-parent\" data-id=\"7efbbcd\" data-element_type=\"container\" data-e-type=\"container\">\n\t\t\t\t<div class=\"elementor-element elementor-element-7b1a9d3 elementor-widget__width-initial elementor-widget elementor-widget-heading\" data-id=\"7b1a9d3\" data-element_type=\"widget\" data-e-type=\"widget\" data-widget_type=\"heading.default\">\n\t\t\t\t\t<h4 class=\"elementor-heading-title elementor-size-default\">Juan Sebastian Mendez<\/h4>\t\t\t\t<\/div>\n\t\t\t\t<div class=\"elementor-element elementor-element-ab1f113 elementor-widget elementor-widget-heading\" data-id=\"ab1f113\" data-element_type=\"widget\" data-e-type=\"widget\" data-widget_type=\"heading.default\">\n\t\t\t\t\t<h1 class=\"elementor-heading-title elementor-size-default\">INGENIER\u00cdA DE AUDIO Y COMPUTACI\u00d3N CREATIVA<\/h1>\t\t\t\t<\/div>\n\t\t\t\t<div class=\"elementor-element elementor-element-ddbf3ae elementor-widget elementor-widget-text-editor\" data-id=\"ddbf3ae\" data-element_type=\"widget\" data-e-type=\"widget\" data-widget_type=\"text-editor.default\">\n\t\t\t\t\t\t\t\t\t<p style=\"text-align: center;\">Ingeniero Electr\u00f3nico con maestr\u00eda en Ingenier\u00eda Musical y Ac\u00fastica. Dise\u00f1o experiencias digitales donde el c\u00f3digo se encuentra con el sonido y el arte.<\/p>\t\t\t\t\t\t\t\t<\/div>\n\t\t\t\t<div class=\"elementor-element elementor-element-beff976 elementor-widget__width-inherit elementor-widget elementor-widget-html\" data-id=\"beff976\" data-element_type=\"widget\" data-e-type=\"widget\" data-widget_type=\"html.default\">\n\t\t\t\t\t<style>\n\/* --- ESTILOS DE TUS TARJETAS CRISTAL --- *\/\n.glass-card {\n    background: rgba(11, 13, 21, 0) !important; \n    border: 1px solid rgba(255, 255, 255, 0.1) !important; \n    border-radius: 12px !important; \n    padding: 10px !important; \n    transition: transform 0.3s ease, border-color 0.3s ease !important;\n}\n\n.glass-card:hover {\n    transform: translateY(-2px); \n    border-color: rgba(120, 174, 96, 1) !important; \n    box-shadow: 0px 0px 40px rgba(120, 174, 96, 1);\n    backdrop-filter: blur(10px) !important; \n    -webkit-backdrop-filter: blur(12px); \n}\n\n.glass-card:hover img{\n    opacity: 1 !important;\n}\n\n.fixed-card {\n    background: rgba(15, 20, 35, 0) !important; \n    backdrop-filter: blur(3px) !important; \n    -webkit-backdrop-filter: blur(12px); \n    border: 1px solid rgba(255, 255, 255, 0.1) !important; \n    border-radius: 12px !important; \n    transition: transform 0.3s ease, border-color 0.3s ease !important;\n}\n\n\/* --- ESTILOS DEL FONDO (CANVAS) --- *\/\n#p5-background {\n    position: fixed;\n    top: 0;\n    left: 0;\n    width: 100vw;\n    height: 100vh;\n    z-index: -10; \/* Detr\u00e1s de todo *\/\n    background-color: #0B0C15; \/* Color oscuro base *\/\n    pointer-events: none; \/* Evita que el fondo bloquee los clics en tus tarjetas *\/\n}\n  \n\/* --- ESTILOS M\u00d3VILES (SCROLL HORIZONTAL) --- *\/\n@media (max-width: 767px) {\n    .scroll-proyectos > .elementor-container,\n    .scroll-proyectos > .e-con-inner, \n    .scroll-proyectos.e-con { \n        display: flex !important;\n        flex-direction: row !important; \n        flex-wrap: nowrap !important;  \n        overflow-x: auto !important;    \n        scroll-snap-type: x mandatory;  \n        scrollbar-width: none;          \n        padding-bottom: 20px !important;\n    }\n\n    .scroll-proyectos .elementor-column,\n    .scroll-proyectos .e-con {\n        display: block !important; \n        width: 85vw !important;    \n        min-width: 85vw !important; \n        flex: 0 0 85vw !important;  \n        margin-right: 15px !important; \n        scroll-snap-align: center;\n    }\n    \n    .scroll-proyectos .elementor-widget-wrap {\n        margin: 0 !important;\n    }\n}\n<\/style>\n\n<div id=\"p5-background\"><\/div>\n\n<script src=\"https:\/\/cdnjs.cloudflare.com\/ajax\/libs\/p5.js\/1.4.0\/p5.js\"><\/script>\n\n<script>\n  let stars = [];\n  let particles = [];\n  const colors = ['#78AE60', '#90C1B1', '#A25372']; \n\n  function setup() {\n    let canvas = createCanvas(windowWidth, windowHeight);\n    canvas.parent('p5-background');\n    \n    \/\/ Generar part\u00edculas interact\u00edvas\n    for (let i = 0; i < 80; i++) {\n      particles.push(new Particle());\n    }\n    \n    \/\/ Generar estrellas fijas\n    for (let i = 0; i < 200; i++) {\n      stars.push({\n        x: random(width),\n        y: random(height),\n        size: random(0.5, 3),\n        alpha: random(50, 200)\n      });\n    }\n  }\n\n  function draw() {\n    \/\/ Fondo con transparencia para dejar \"estelas\" de las part\u00edculas\n    background(11, 12, 21, 70); \n    \n    \/\/ Dibujar estrellas\n    noStroke();\n    for (let i = 0; i < stars.length; i++) {\n      fill(255, 255, 255, stars[i].alpha);\n      ellipse(stars[i].x, stars[i].y, stars[i].size);\n    }\n    \n    \/\/ Dibujar y actualizar part\u00edculas\n    for (let i = 0; i < particles.length; i++) {\n      particles[i].update();\n      particles[i].show();\n      particles[i].connect(particles);\n    }\n  }\n\n  function windowResized() {\n    resizeCanvas(windowWidth, windowHeight);\n  }\n\n  class Particle {\n    constructor() {\n      this.pos = createVector(random(width), random(height));\n      this.vel = createVector(random(-0.5, 0.5), random(-0.5, 0.5));\n      this.size = random(2, 4.5);\n      \n      \/\/ Manejo de color robusto\n      let hexColor = random(colors);\n      this.c = color(hexColor);\n      this.maxDist = 130; \n    }\n\n    update() {\n      this.pos.add(this.vel);\n      if (this.pos.x < 0 || this.pos.x > width) this.vel.x *= -1;\n      if (this.pos.y < 0 || this.pos.y > height) this.vel.y *= -1;\n\n      let mouse = createVector(mouseX, mouseY);\n      let distMouse = p5.Vector.dist(this.pos, mouse);\n      if (distMouse < 180) {\n        let attraction = p5.Vector.sub(mouse, this.pos);\n        attraction.setMag(0.08);\n        this.vel.add(attraction);\n        this.vel.limit(3);\n      }\n    }\n\n    show() {\n      noStroke();\n      fill(this.c);\n      ellipse(this.pos.x, this.pos.y, this.size);\n    }\n\n    connect(particles) {\n      particles.forEach(p => {\n        let d = dist(this.pos.x, this.pos.y, p.pos.x, p.pos.y);\n        if (d < this.maxDist) {\n          \/\/ Extraemos los colores de forma segura para las l\u00edneas\n          stroke(red(this.c), green(this.c), blue(this.c), 25); \n          strokeWeight(0.8);\n          line(this.pos.x, this.pos.y, p.pos.x, p.pos.y);\n        }\n      });\n    }\n  }\n<\/script>\t\t\t\t<\/div>\n\t\t\t\t<\/div>\n\t\t<div class=\"elementor-element elementor-element-831c6a3 e-con-full e-flex e-con e-parent\" data-id=\"831c6a3\" data-element_type=\"container\" data-e-type=\"container\" data-settings=\"{&quot;background_background&quot;:&quot;classic&quot;}\">\n\t\t\t\t<div class=\"elementor-element elementor-element-9359b1e elementor-widget elementor-widget-html\" data-id=\"9359b1e\" data-element_type=\"widget\" data-e-type=\"widget\" data-widget_type=\"html.default\">\n\t\t\t\t\t<div class=\"marquee-container\">\n  <div class=\"marquee-track\">\n    \n    <div class=\"marquee-content\">\n        <span>\/\/\/ JAVASCRIPT<\/span>\n        <span>\/\/\/ REACT NATIVE<\/span>\n        <span>\/\/\/ HTML<\/span>\n        <span>\/\/\/ CSS<\/span>\n        <span>\/\/\/ PYTHON<\/span>\n        <span>\/\/\/ C++<\/span>\n        <span>\/\/\/ PROCESSING<\/span>\n        <span>\/\/\/ P5.JS<\/span>\n        <span>\/\/\/ SUPERCOLLIDER<\/span>\n        <span>\/\/\/ TOUCH DESIGNER<\/span>\n        <span>\/\/\/ ABLETON<\/span>\n        <span>\/\/\/ ARDUINO<\/span>\n        <span>\/\/\/ WORDPRESS<\/span>\n    <\/div>\n\n    <div class=\"marquee-content\">\n        <span>\/\/\/ JAVASCRIPT<\/span>\n        <span>\/\/\/ REACT NATIVE<\/span>\n        <span>\/\/\/ HTML<\/span>\n        <span>\/\/\/ CSS<\/span>\n        <span>\/\/\/ PYTHON<\/span>\n        <span>\/\/\/ C++<\/span>\n        <span>\/\/\/ PROCESSING<\/span>\n        <span>\/\/\/ P5.JS<\/span>\n        <span>\/\/\/ SUPERCOLLIDER<\/span>\n        <span>\/\/\/ TOUCH DESIGNER<\/span>\n        <span>\/\/\/ ABLETON<\/span>\n        <span>\/\/\/ ARDUINO<\/span>\n        <span>\/\/\/ WORDPRESS<\/span>\n    <\/div>\n\n  <\/div>\n<\/div>\n\n<style>\n\/* 1. Contenedor Principal (La ventana) *\/\n.marquee-container {\n  width: 100%;\n  overflow: hidden; \/* Oculta lo que sale de la pantalla *\/\n  background-color: transparent; \/* O negro #000 *\/\n  padding: 5px 0;\n  position: relative;\n}\n\n\/* 2. El Riel (Track) *\/\n.marquee-track {\n  display: flex;\n  width: max-content; \/* Fuerza al ancho a ser tan largo como el contenido *\/\n  gap: 0; \/* Sin espacio extra entre los grupos *\/\n  animation: marquee-infinite 20s linear infinite;\n}\n\n\/* 3. El Contenido (Los grupos de texto) *\/\n.marquee-content {\n  display: flex;\n  align-items: center;\n  flex-shrink: 0; \/* Evita que se encoja *\/\n}\n\n\/* 4. Estilo del Texto *\/\n.marquee-content span {\n  font-family: 'Space Mono', monospace;\n  font-size: 18px;\n  font-weight: bold;\n  color: #E0E0E0;\n  padding-right: 20px; \/* Espacio entre palabras *\/\n  white-space: nowrap;\n  text-transform: uppercase;\n  \/* Efecto Neon sutil *\/\n  text-shadow: 0 0 5px rgba(0, 255, 163, 0.4); \n}\n\n\/* 5. La Animaci\u00f3n Matem\u00e1tica *\/\n@keyframes marquee-infinite {\n  0% { transform: translateX(0); }\n  100% { transform: translateX(-50%); } \n  \/* Al llegar al -50% (final del grupo 1), salta instant\u00e1neamente al 0 (inicio del grupo 1), \n     pero como el grupo 2 es id\u00e9ntico y est\u00e1 en esa posici\u00f3n visual, el ojo humano no nota el salto. *\/\n}\n\n\/* Pausar al pasar el mouse *\/\n.marquee-container:hover .marquee-track {\n  animation-play-state: paused;\n}\n<\/style>\t\t\t\t<\/div>\n\t\t\t\t<\/div>\n\t\t<div class=\"elementor-element elementor-element-a9da286 e-flex e-con-boxed e-con e-parent\" data-id=\"a9da286\" data-element_type=\"container\" data-e-type=\"container\">\n\t\t\t\t\t<div class=\"e-con-inner\">\n\t\t\t\t<div class=\"elementor-element elementor-element-1d8962a elementor-widget elementor-widget-spacer\" data-id=\"1d8962a\" data-element_type=\"widget\" data-e-type=\"widget\" data-widget_type=\"spacer.default\">\n\t\t\t\t\t\t\t<div class=\"elementor-spacer\">\n\t\t\t<div class=\"elementor-spacer-inner\"><\/div>\n\t\t<\/div>\n\t\t\t\t\t\t<\/div>\n\t\t\t\t<div class=\"elementor-element elementor-element-bdcf8a8 elementor-widget__width-inherit elementor-widget elementor-widget-heading\" data-id=\"bdcf8a8\" data-element_type=\"widget\" data-e-type=\"widget\" data-widget_type=\"heading.default\">\n\t\t\t\t\t<h2 class=\"elementor-heading-title elementor-size-default\">Proyectos Destacados <\/h2>\t\t\t\t<\/div>\n\t\t<div class=\"elementor-element elementor-element-5fe5598 e-con-full scroll-proyectos e-flex e-con e-child\" data-id=\"5fe5598\" data-element_type=\"container\" data-e-type=\"container\">\n\t\t<div class=\"elementor-element elementor-element-142600c e-con-full glass-card e-flex e-con e-child\" data-id=\"142600c\" data-element_type=\"container\" data-e-type=\"container\">\n\t\t\t\t<div class=\"elementor-element elementor-element-1774b27 elementor-widget__width-initial elementor-widget elementor-widget-image\" data-id=\"1774b27\" data-element_type=\"widget\" data-e-type=\"widget\" data-widget_type=\"image.default\">\n\t\t\t\t\t\t\t\t\t\t\t\t\t\t\t\t<a href=\"https:\/\/juansebastianmendez.com\/etnodj\/\">\n\t\t\t\t\t\t\t<img fetchpriority=\"high\" decoding=\"async\" width=\"300\" height=\"231\" src=\"https:\/\/juansebastianmendez.com\/wp-content\/uploads\/2025\/12\/etno-dj-300x231.png\" class=\"attachment-medium size-medium wp-image-113\" alt=\"\" srcset=\"https:\/\/juansebastianmendez.com\/wp-content\/uploads\/2025\/12\/etno-dj-300x231.png 300w, https:\/\/juansebastianmendez.com\/wp-content\/uploads\/2025\/12\/etno-dj-1024x788.png 1024w, https:\/\/juansebastianmendez.com\/wp-content\/uploads\/2025\/12\/etno-dj-768x591.png 768w, https:\/\/juansebastianmendez.com\/wp-content\/uploads\/2025\/12\/etno-dj-1536x1182.png 1536w, https:\/\/juansebastianmendez.com\/wp-content\/uploads\/2025\/12\/etno-dj-2048x1575.png 2048w\" sizes=\"(max-width: 300px) 100vw, 300px\" \/>\t\t\t\t\t\t\t\t<\/a>\n\t\t\t\t\t\t\t\t\t\t\t\t\t\t\t<\/div>\n\t\t\t\t<div class=\"elementor-element elementor-element-c71be78 elementor-widget elementor-widget-heading\" data-id=\"c71be78\" data-element_type=\"widget\" data-e-type=\"widget\" data-widget_type=\"heading.default\">\n\t\t\t\t\t<h3 class=\"elementor-heading-title elementor-size-default\">EtnoDJ<\/h3>\t\t\t\t<\/div>\n\t\t\t\t<div class=\"elementor-element elementor-element-f633524 elementor-widget elementor-widget-text-editor\" data-id=\"f633524\" data-element_type=\"widget\" data-e-type=\"widget\" data-widget_type=\"text-editor.default\">\n\t\t\t\t\t\t\t\t\t<p>Exploratorio sonoro de Colombia<\/p>\t\t\t\t\t\t\t\t<\/div>\n\t\t\t\t<div class=\"elementor-element elementor-element-3bb397d elementor-align-center elementor-widget__width-auto elementor-widget elementor-widget-button\" data-id=\"3bb397d\" data-element_type=\"widget\" data-e-type=\"widget\" data-widget_type=\"button.default\">\n\t\t\t\t\t\t\t\t\t\t<a class=\"elementor-button elementor-button-link elementor-size-sm\" href=\"https:\/\/juansebastianmendez.com\/etnodj\/\">\n\t\t\t\t\t\t<span class=\"elementor-button-content-wrapper\">\n\t\t\t\t\t\t\t\t\t<span class=\"elementor-button-text\">Visitar<\/span>\n\t\t\t\t\t<\/span>\n\t\t\t\t\t<\/a>\n\t\t\t\t\t\t\t\t<\/div>\n\t\t\t\t<\/div>\n\t\t<div class=\"elementor-element elementor-element-ef277a8 e-con-full glass-card e-flex e-con e-child\" data-id=\"ef277a8\" data-element_type=\"container\" data-e-type=\"container\">\n\t\t\t\t<div class=\"elementor-element elementor-element-fec261a elementor-widget__width-initial elementor-widget elementor-widget-image\" data-id=\"fec261a\" data-element_type=\"widget\" data-e-type=\"widget\" data-widget_type=\"image.default\">\n\t\t\t\t\t\t\t\t\t\t\t\t\t\t\t\t<a href=\"https:\/\/juansebastianmendez.com\/serg\/\">\n\t\t\t\t\t\t\t<img decoding=\"async\" width=\"352\" height=\"367\" src=\"https:\/\/juansebastianmendez.com\/wp-content\/uploads\/2026\/03\/SERG.png\" class=\"attachment-large size-large wp-image-844\" alt=\"\" srcset=\"https:\/\/juansebastianmendez.com\/wp-content\/uploads\/2026\/03\/SERG.png 352w, https:\/\/juansebastianmendez.com\/wp-content\/uploads\/2026\/03\/SERG-288x300.png 288w, https:\/\/juansebastianmendez.com\/wp-content\/uploads\/2026\/03\/SERG-12x12.png 12w\" sizes=\"(max-width: 352px) 100vw, 352px\" \/>\t\t\t\t\t\t\t\t<\/a>\n\t\t\t\t\t\t\t\t\t\t\t\t\t\t\t<\/div>\n\t\t\t\t<div class=\"elementor-element elementor-element-00ab082 elementor-widget elementor-widget-heading\" data-id=\"00ab082\" data-element_type=\"widget\" data-e-type=\"widget\" data-widget_type=\"heading.default\">\n\t\t\t\t\t<h3 class=\"elementor-heading-title elementor-size-default\"><a href=\"https:\/\/juansebastianmendez.com\/serg\/\">SERG<\/a><\/h3>\t\t\t\t<\/div>\n\t\t\t\t<div class=\"elementor-element elementor-element-f4e9981 elementor-widget elementor-widget-text-editor\" data-id=\"f4e9981\" data-element_type=\"widget\" data-e-type=\"widget\" data-widget_type=\"text-editor.default\">\n\t\t\t\t\t\t\t\t\t<p>Generador de Ritmos Euclideanos<\/p>\t\t\t\t\t\t\t\t<\/div>\n\t\t\t\t<div class=\"elementor-element elementor-element-cd127e1 elementor-align-center elementor-widget__width-auto elementor-widget elementor-widget-button\" data-id=\"cd127e1\" data-element_type=\"widget\" data-e-type=\"widget\" data-widget_type=\"button.default\">\n\t\t\t\t\t\t\t\t\t\t<a class=\"elementor-button elementor-button-link elementor-size-sm\" href=\"https:\/\/juansebastianmendez.com\/serg\/\">\n\t\t\t\t\t\t<span class=\"elementor-button-content-wrapper\">\n\t\t\t\t\t\t\t\t\t<span class=\"elementor-button-text\">Visitar<\/span>\n\t\t\t\t\t<\/span>\n\t\t\t\t\t<\/a>\n\t\t\t\t\t\t\t\t<\/div>\n\t\t\t\t<\/div>\n\t\t<div class=\"elementor-element elementor-element-924d48d e-con-full glass-card e-flex e-con e-child\" data-id=\"924d48d\" data-element_type=\"container\" data-e-type=\"container\">\n\t\t\t\t<div class=\"elementor-element elementor-element-d0e4473 elementor-widget__width-initial elementor-widget elementor-widget-image\" data-id=\"d0e4473\" data-element_type=\"widget\" data-e-type=\"widget\" data-widget_type=\"image.default\">\n\t\t\t\t\t\t\t\t\t\t\t\t\t\t\t\t<a href=\"https:\/\/juansebastianmendez.com\/dirsim\/\">\n\t\t\t\t\t\t\t<img decoding=\"async\" width=\"742\" height=\"815\" src=\"https:\/\/juansebastianmendez.com\/wp-content\/uploads\/2026\/03\/image.png\" class=\"attachment-large size-large wp-image-838\" alt=\"\" srcset=\"https:\/\/juansebastianmendez.com\/wp-content\/uploads\/2026\/03\/image.png 742w, https:\/\/juansebastianmendez.com\/wp-content\/uploads\/2026\/03\/image-273x300.png 273w, https:\/\/juansebastianmendez.com\/wp-content\/uploads\/2026\/03\/image-11x12.png 11w\" sizes=\"(max-width: 742px) 100vw, 742px\" \/>\t\t\t\t\t\t\t\t<\/a>\n\t\t\t\t\t\t\t\t\t\t\t\t\t\t\t<\/div>\n\t\t\t\t<div class=\"elementor-element elementor-element-faa1481 elementor-widget elementor-widget-heading\" data-id=\"faa1481\" data-element_type=\"widget\" data-e-type=\"widget\" data-widget_type=\"heading.default\">\n\t\t\t\t\t<h3 class=\"elementor-heading-title elementor-size-default\"><a href=\"https:\/\/juansebastianmendez.com\/dirsim\/\">DirSim<\/a><\/h3>\t\t\t\t<\/div>\n\t\t\t\t<div class=\"elementor-element elementor-element-163512b elementor-widget elementor-widget-text-editor\" data-id=\"163512b\" data-element_type=\"widget\" data-e-type=\"widget\" data-widget_type=\"text-editor.default\">\n\t\t\t\t\t\t\t\t\t<p>Simulador de Conductor de Orquesta<\/p>\t\t\t\t\t\t\t\t<\/div>\n\t\t\t\t<div class=\"elementor-element elementor-element-a71dd6e elementor-align-center elementor-widget__width-auto elementor-widget elementor-widget-button\" data-id=\"a71dd6e\" data-element_type=\"widget\" data-e-type=\"widget\" data-widget_type=\"button.default\">\n\t\t\t\t\t\t\t\t\t\t<a class=\"elementor-button elementor-button-link elementor-size-sm\" href=\"https:\/\/juansebastianmendez.com\/dirsim\/\">\n\t\t\t\t\t\t<span class=\"elementor-button-content-wrapper\">\n\t\t\t\t\t\t\t\t\t<span class=\"elementor-button-text\">Visitar<\/span>\n\t\t\t\t\t<\/span>\n\t\t\t\t\t<\/a>\n\t\t\t\t\t\t\t\t<\/div>\n\t\t\t\t<\/div>\n\t\t\t\t<\/div>\n\t\t\t\t\t<\/div>\n\t\t\t\t<\/div>\n\t\t<div class=\"elementor-element elementor-element-28b436a e-flex e-con-boxed e-con e-parent\" data-id=\"28b436a\" data-element_type=\"container\" data-e-type=\"container\">\n\t\t\t\t\t<div class=\"e-con-inner\">\n\t\t<div class=\"elementor-element elementor-element-cedd7be e-con-full e-flex e-con e-child\" data-id=\"cedd7be\" data-element_type=\"container\" data-e-type=\"container\">\n\t\t\t\t<div class=\"elementor-element elementor-element-a9ad7ca elementor-widget elementor-widget-image\" data-id=\"a9ad7ca\" data-element_type=\"widget\" data-e-type=\"widget\" data-widget_type=\"image.default\">\n\t\t\t\t\t\t\t\t\t\t\t\t\t\t\t<img loading=\"lazy\" decoding=\"async\" width=\"768\" height=\"1344\" src=\"https:\/\/juansebastianmendez.com\/wp-content\/uploads\/2025\/12\/FotoCV.png\" class=\"attachment-full size-full wp-image-84\" alt=\"\" srcset=\"https:\/\/juansebastianmendez.com\/wp-content\/uploads\/2025\/12\/FotoCV.png 768w, https:\/\/juansebastianmendez.com\/wp-content\/uploads\/2025\/12\/FotoCV-171x300.png 171w, https:\/\/juansebastianmendez.com\/wp-content\/uploads\/2025\/12\/FotoCV-585x1024.png 585w\" sizes=\"(max-width: 768px) 100vw, 768px\" \/>\t\t\t\t\t\t\t\t\t\t\t\t\t\t\t<\/div>\n\t\t\t\t<\/div>\n\t\t<div class=\"elementor-element elementor-element-f1f8c62 e-con-full fixed-card e-flex e-con e-child\" data-id=\"f1f8c62\" data-element_type=\"container\" data-e-type=\"container\">\n\t\t\t\t<div class=\"elementor-element elementor-element-ac85031 elementor-widget__width-inherit elementor-widget elementor-widget-heading\" data-id=\"ac85031\" data-element_type=\"widget\" data-e-type=\"widget\" data-widget_type=\"heading.default\">\n\t\t\t\t\t<h2 class=\"elementor-heading-title elementor-size-default\">Sobre M\u00ed<\/h2>\t\t\t\t<\/div>\n\t\t\t\t<div class=\"elementor-element elementor-element-b350e3c elementor-widget elementor-widget-heading\" data-id=\"b350e3c\" data-element_type=\"widget\" data-e-type=\"widget\" data-widget_type=\"heading.default\">\n\t\t\t\t\t<h2 class=\"elementor-heading-title elementor-size-default\">Tecnologia, Creatividad y Arte<\/h2>\t\t\t\t<\/div>\n\t\t\t\t<div class=\"elementor-element elementor-element-6393f86 elementor-widget elementor-widget-text-editor\" data-id=\"6393f86\" data-element_type=\"widget\" data-e-type=\"widget\" data-widget_type=\"text-editor.default\">\n\t\t\t\t\t\t\t\t\t<p>Mi trabajo vive en la intersecci\u00f3n entre la tecnolog\u00eda y el arte, donde la creatividad es el puente que transforma ideas en realidades.<\/p>\t\t\t\t\t\t\t\t<\/div>\n\t\t\t\t<div class=\"elementor-element elementor-element-1194d40 elementor-icon-list--layout-traditional elementor-list-item-link-full_width elementor-widget elementor-widget-icon-list\" data-id=\"1194d40\" data-element_type=\"widget\" data-e-type=\"widget\" data-widget_type=\"icon-list.default\">\n\t\t\t\t\t\t\t<ul class=\"elementor-icon-list-items\">\n\t\t\t\t\t\t\t<li class=\"elementor-icon-list-item\">\n\t\t\t\t\t\t\t\t\t\t\t<span class=\"elementor-icon-list-icon\">\n\t\t\t\t\t\t\t<svg aria-hidden=\"true\" class=\"e-font-icon-svg e-fas-graduation-cap\" viewBox=\"0 0 640 512\" xmlns=\"http:\/\/www.w3.org\/2000\/svg\"><path d=\"M622.34 153.2L343.4 67.5c-15.2-4.67-31.6-4.67-46.79 0L17.66 153.2c-23.54 7.23-23.54 38.36 0 45.59l48.63 14.94c-10.67 13.19-17.23 29.28-17.88 46.9C38.78 266.15 32 276.11 32 288c0 10.78 5.68 19.85 13.86 25.65L20.33 428.53C18.11 438.52 25.71 448 35.94 448h56.11c10.24 0 17.84-9.48 15.62-19.47L82.14 313.65C90.32 307.85 96 298.78 96 288c0-11.57-6.47-21.25-15.66-26.87.76-15.02 8.44-28.3 20.69-36.72L296.6 284.5c9.06 2.78 26.44 6.25 46.79 0l278.95-85.7c23.55-7.24 23.55-38.36 0-45.6zM352.79 315.09c-28.53 8.76-52.84 3.92-65.59 0l-145.02-44.55L128 384c0 35.35 85.96 64 192 64s192-28.65 192-64l-14.18-113.47-145.03 44.56z\"><\/path><\/svg>\t\t\t\t\t\t<\/span>\n\t\t\t\t\t\t\t\t\t\t<span class=\"elementor-icon-list-text\">Ingeniero Electr\u00f3nico | MSc Ingenier\u00eda Musical y Ac\u00fastica<\/span>\n\t\t\t\t\t\t\t\t\t<\/li>\n\t\t\t\t\t\t\t\t<li class=\"elementor-icon-list-item\">\n\t\t\t\t\t\t\t\t\t\t\t<span class=\"elementor-icon-list-icon\">\n\t\t\t\t\t\t\t<svg aria-hidden=\"true\" class=\"e-font-icon-svg e-fas-map-pin\" viewBox=\"0 0 288 512\" xmlns=\"http:\/\/www.w3.org\/2000\/svg\"><path d=\"M112 316.94v156.69l22.02 33.02c4.75 7.12 15.22 7.12 19.97 0L176 473.63V316.94c-10.39 1.92-21.06 3.06-32 3.06s-21.61-1.14-32-3.06zM144 0C64.47 0 0 64.47 0 144s64.47 144 144 144 144-64.47 144-144S223.53 0 144 0zm0 76c-37.5 0-68 30.5-68 68 0 6.62-5.38 12-12 12s-12-5.38-12-12c0-50.73 41.28-92 92-92 6.62 0 12 5.38 12 12s-5.38 12-12 12z\"><\/path><\/svg>\t\t\t\t\t\t<\/span>\n\t\t\t\t\t\t\t\t\t\t<span class=\"elementor-icon-list-text\">Milano, Italia (Remoto)<\/span>\n\t\t\t\t\t\t\t\t\t<\/li>\n\t\t\t\t\t\t\t\t<li class=\"elementor-icon-list-item\">\n\t\t\t\t\t\t\t\t\t\t\t<span class=\"elementor-icon-list-icon\">\n\t\t\t\t\t\t\t<svg aria-hidden=\"true\" class=\"e-font-icon-svg e-fas-laptop-code\" viewBox=\"0 0 640 512\" xmlns=\"http:\/\/www.w3.org\/2000\/svg\"><path d=\"M255.03 261.65c6.25 6.25 16.38 6.25 22.63 0l11.31-11.31c6.25-6.25 6.25-16.38 0-22.63L253.25 192l35.71-35.72c6.25-6.25 6.25-16.38 0-22.63l-11.31-11.31c-6.25-6.25-16.38-6.25-22.63 0l-58.34 58.34c-6.25 6.25-6.25 16.38 0 22.63l58.35 58.34zm96.01-11.3l11.31 11.31c6.25 6.25 16.38 6.25 22.63 0l58.34-58.34c6.25-6.25 6.25-16.38 0-22.63l-58.34-58.34c-6.25-6.25-16.38-6.25-22.63 0l-11.31 11.31c-6.25 6.25-6.25 16.38 0 22.63L386.75 192l-35.71 35.72c-6.25 6.25-6.25 16.38 0 22.63zM624 416H381.54c-.74 19.81-14.71 32-32.74 32H288c-18.69 0-33.02-17.47-32.77-32H16c-8.8 0-16 7.2-16 16v16c0 35.2 28.8 64 64 64h512c35.2 0 64-28.8 64-64v-16c0-8.8-7.2-16-16-16zM576 48c0-26.4-21.6-48-48-48H112C85.6 0 64 21.6 64 48v336h512V48zm-64 272H128V64h384v256z\"><\/path><\/svg>\t\t\t\t\t\t<\/span>\n\t\t\t\t\t\t\t\t\t\t<span class=\"elementor-icon-list-text\">Inteligencia Artifical | An\u00e1lisis de Audio | Programaci\u00f3n Creativa<\/span>\n\t\t\t\t\t\t\t\t\t<\/li>\n\t\t\t\t\t\t<\/ul>\n\t\t\t\t\t\t<\/div>\n\t\t\t\t<div class=\"elementor-element elementor-element-0f3d276 elementor-align-center elementor-widget__width-auto elementor-widget elementor-widget-button\" data-id=\"0f3d276\" data-element_type=\"widget\" data-e-type=\"widget\" data-widget_type=\"button.default\">\n\t\t\t\t\t\t\t\t\t\t<a class=\"elementor-button elementor-button-link elementor-size-sm\" href=\"https:\/\/juansebastianmendez.com\/bio\/\">\n\t\t\t\t\t\t<span class=\"elementor-button-content-wrapper\">\n\t\t\t\t\t\t\t\t\t<span class=\"elementor-button-text\">Bio<\/span>\n\t\t\t\t\t<\/span>\n\t\t\t\t\t<\/a>\n\t\t\t\t\t\t\t\t<\/div>\n\t\t\t\t<\/div>\n\t\t\t\t\t<\/div>\n\t\t\t\t<\/div>\n\t\t\t\t<\/div>\n\t\t","protected":false},"excerpt":{"rendered":"<p>Juan Sebastian Mendez INGENIER\u00cdA DE AUDIO Y COMPUTACI\u00d3N CREATIVA Ingeniero Electr\u00f3nico con maestr\u00eda en Ingenier\u00eda Musical y Ac\u00fastica. Dise\u00f1o experiencias digitales donde el c\u00f3digo se encuentra con el sonido y el arte. \/\/\/ JAVASCRIPT \/\/\/ REACT NATIVE \/\/\/ HTML \/\/\/ CSS \/\/\/ PYTHON \/\/\/ C++ \/\/\/ PROCESSING \/\/\/ P5.JS \/\/\/ SUPERCOLLIDER \/\/\/ TOUCH DESIGNER \/\/\/ [&hellip;]<\/p>\n","protected":false},"author":1,"featured_media":0,"parent":0,"menu_order":0,"comment_status":"closed","ping_status":"closed","template":"elementor_header_footer","meta":{"footnotes":""},"class_list":["post-24","page","type-page","status-publish","hentry"],"_links":{"self":[{"href":"https:\/\/juansebastianmendez.com\/en\/wp-json\/wp\/v2\/pages\/24","targetHints":{"allow":["GET"]}}],"collection":[{"href":"https:\/\/juansebastianmendez.com\/en\/wp-json\/wp\/v2\/pages"}],"about":[{"href":"https:\/\/juansebastianmendez.com\/en\/wp-json\/wp\/v2\/types\/page"}],"author":[{"embeddable":true,"href":"https:\/\/juansebastianmendez.com\/en\/wp-json\/wp\/v2\/users\/1"}],"replies":[{"embeddable":true,"href":"https:\/\/juansebastianmendez.com\/en\/wp-json\/wp\/v2\/comments?post=24"}],"version-history":[{"count":172,"href":"https:\/\/juansebastianmendez.com\/en\/wp-json\/wp\/v2\/pages\/24\/revisions"}],"predecessor-version":[{"id":1067,"href":"https:\/\/juansebastianmendez.com\/en\/wp-json\/wp\/v2\/pages\/24\/revisions\/1067"}],"wp:attachment":[{"href":"https:\/\/juansebastianmendez.com\/en\/wp-json\/wp\/v2\/media?parent=24"}],"curies":[{"name":"wp","href":"https:\/\/api.w.org\/{rel}","templated":true}]}}