{"id":30,"date":"2025-12-12T08:43:11","date_gmt":"2025-12-12T13:43:11","guid":{"rendered":"https:\/\/juansebastianmendez.com\/?page_id=30"},"modified":"2026-03-23T05:56:53","modified_gmt":"2026-03-23T10:56:53","slug":"bio","status":"publish","type":"page","link":"https:\/\/juansebastianmendez.com\/en\/bio\/","title":{"rendered":"Bio"},"content":{"rendered":"\t\t<div data-elementor-type=\"wp-page\" data-elementor-id=\"30\" class=\"elementor elementor-30\">\n\t\t\t\t<div class=\"elementor-element elementor-element-58cc8a0 e-con-full e-flex e-con e-parent\" data-id=\"58cc8a0\" data-element_type=\"container\" data-e-type=\"container\">\n\t\t<div class=\"elementor-element elementor-element-cf73718 e-con-full e-flex e-con e-child\" data-id=\"cf73718\" data-element_type=\"container\" data-e-type=\"container\" data-settings=\"{&quot;background_background&quot;:&quot;classic&quot;}\">\n\t\t\t\t<div class=\"elementor-element elementor-element-b82cee4 elementor-widget elementor-widget-heading\" data-id=\"b82cee4\" data-element_type=\"widget\" data-e-type=\"widget\" data-widget_type=\"heading.default\">\n\t\t\t\t\t<h4 class=\"elementor-heading-title elementor-size-default\">Juan Sebastian <br>Mendez<\/h4>\t\t\t\t<\/div>\n\t\t\t\t<\/div>\n\t\t<div class=\"elementor-element elementor-element-cebe662 e-con-full e-flex e-con e-child\" data-id=\"cebe662\" data-element_type=\"container\" data-e-type=\"container\">\n\t\t\t\t<div class=\"elementor-element elementor-element-3b961e1 elementor-widget__width-inherit elementor-widget elementor-widget-text-editor\" data-id=\"3b961e1\" data-element_type=\"widget\" data-e-type=\"widget\" data-widget_type=\"text-editor.default\">\n\t\t\t\t\t\t\t\t\t<p>Mi trabajo existe en la intersecci\u00f3n entre la ingenier\u00eda y la creatividad. Como maestro en <b data-path-to-node=\"13,2,1,0\" data-index-in-node=\"109\">Music Engineering<\/b> por el Politecnico di Milano, me dedico al dise\u00f1o y desarrollo de soluciones digitales creativas. En paralelo, potencio procesos y productos implementando modelos de Inteligencia Artificial y automatizaci\u00f3n. No solo escribo c\u00f3digo; dise\u00f1o sistemas que entienden. Busco empujar los l\u00edmites de la IA en entornos desafiantes, entregando soluciones escalables que transforman datos en valor extraordinario.<\/p>\t\t\t\t\t\t\t\t<\/div>\n\t\t\t\t<div class=\"elementor-element elementor-element-bc3b10c elementor-widget elementor-widget-button\" data-id=\"bc3b10c\" data-element_type=\"widget\" data-e-type=\"widget\" data-widget_type=\"button.default\">\n\t\t\t\t\t\t\t\t\t\t<a class=\"elementor-button elementor-button-link elementor-size-sm\" href=\"https:\/\/juansebastianmendez.com\/wp-content\/uploads\/2026\/01\/CV_Juan-Mendez.pdf\" target=\"_blank\">\n\t\t\t\t\t\t<span class=\"elementor-button-content-wrapper\">\n\t\t\t\t\t\t\t\t\t<span class=\"elementor-button-text\">Descargar CV<\/span>\n\t\t\t\t\t<\/span>\n\t\t\t\t\t<\/a>\n\t\t\t\t\t\t\t\t<\/div>\n\t\t\t\t<\/div>\n\t\t\t\t<\/div>\n\t\t<div class=\"elementor-element elementor-element-dd30c61 e-flex e-con-boxed e-con e-parent\" data-id=\"dd30c61\" data-element_type=\"container\" data-e-type=\"container\">\n\t\t\t\t\t<div class=\"e-con-inner\">\n\t\t\t\t<div class=\"elementor-element elementor-element-dd1f2dd elementor-widget elementor-widget-spacer\" data-id=\"dd1f2dd\" data-element_type=\"widget\" data-e-type=\"widget\" data-widget_type=\"spacer.default\">\n\t\t\t\t\t\t\t<div class=\"elementor-spacer\">\n\t\t\t<div class=\"elementor-spacer-inner\"><\/div>\n\t\t<\/div>\n\t\t\t\t\t\t<\/div>\n\t\t\t\t\t<\/div>\n\t\t\t\t<\/div>\n\t\t<div class=\"elementor-element elementor-element-a0adfb1 e-con-full e-flex e-con e-parent\" data-id=\"a0adfb1\" data-element_type=\"container\" data-e-type=\"container\">\n\t\t<div class=\"elementor-element elementor-element-43a63f9 e-con-full e-flex e-con e-child\" data-id=\"43a63f9\" data-element_type=\"container\" data-e-type=\"container\">\n\t\t\t\t<div class=\"elementor-element elementor-element-d4103a6 elementor-widget elementor-widget-heading\" data-id=\"d4103a6\" data-element_type=\"widget\" data-e-type=\"widget\" data-widget_type=\"heading.default\">\n\t\t\t\t\t<h2 class=\"elementor-heading-title elementor-size-default\">Formaci\u00f3n<\/h2>\t\t\t\t<\/div>\n\t\t\t\t<\/div>\n\t\t<div class=\"elementor-element elementor-element-c28a6cb e-con-full glass-card e-flex e-con e-child\" data-id=\"c28a6cb\" data-element_type=\"container\" data-e-type=\"container\">\n\t\t<div class=\"elementor-element elementor-element-e0b028e e-con-full e-flex e-con e-child\" data-id=\"e0b028e\" data-element_type=\"container\" data-e-type=\"container\">\n\t\t<div class=\"elementor-element elementor-element-07d12e2 e-con-full e-flex e-con e-child\" data-id=\"07d12e2\" data-element_type=\"container\" data-e-type=\"container\">\n\t\t<div class=\"elementor-element elementor-element-0cfa2c0 e-con-full e-flex e-con e-child\" data-id=\"0cfa2c0\" data-element_type=\"container\" data-e-type=\"container\">\n\t\t\t\t<div class=\"elementor-element elementor-element-24f1653 elementor-widget elementor-widget-heading\" data-id=\"24f1653\" data-element_type=\"widget\" data-e-type=\"widget\" data-widget_type=\"heading.default\">\n\t\t\t\t\t<h4 class=\"elementor-heading-title elementor-size-default\">2022 - 2025<\/h4>\t\t\t\t<\/div>\n\t\t\t\t<\/div>\n\t\t<div class=\"elementor-element elementor-element-0a1f148 e-con-full e-flex e-con e-child\" data-id=\"0a1f148\" data-element_type=\"container\" data-e-type=\"container\">\n\t\t\t\t<div class=\"elementor-element elementor-element-5d71f04 elementor-widget__width-inherit elementor-widget elementor-widget-heading\" data-id=\"5d71f04\" data-element_type=\"widget\" data-e-type=\"widget\" data-widget_type=\"heading.default\">\n\t\t\t\t\t<h4 class=\"elementor-heading-title elementor-size-default\">MSc Music &amp; Acoustic Engineering<\/h4>\t\t\t\t<\/div>\n\t\t\t\t<div class=\"elementor-element elementor-element-a8355ae elementor-widget__width-inherit elementor-widget elementor-widget-heading\" data-id=\"a8355ae\" data-element_type=\"widget\" data-e-type=\"widget\" data-widget_type=\"heading.default\">\n\t\t\t\t\t<h4 class=\"elementor-heading-title elementor-size-default\">Politecnico di Milano - Milan, Italia<\/h4>\t\t\t\t<\/div>\n\t\t\t\t<\/div>\n\t\t\t\t<\/div>\n\t\t\t\t<div class=\"elementor-element elementor-element-f150f52 elementor-widget elementor-widget-text-editor\" data-id=\"f150f52\" data-element_type=\"widget\" data-e-type=\"widget\" data-widget_type=\"text-editor.default\">\n\t\t\t\t\t\t\t\t\t<ul><li>Procesamiento de se\u00f1ales digitales para an\u00e1lisis y s\u00edntesis de audio.<\/li><li><span style=\"font-size: 1rem;\">Implementaci\u00f3n de modelos y metodologias de Machine Learning y Deep Learning.<\/span><\/li><li><span style=\"font-size: 1rem;\">Computaci\u00f3n y programaci\u00f3n creativa.<\/span><\/li><li><span style=\"font-size: 1rem;\">Dise\u00f1o y desarrollo de aplicaciones moviles.<\/span><\/li><\/ul>\t\t\t\t\t\t\t\t<\/div>\n\t\t\t\t<\/div>\n\t\t<div class=\"elementor-element elementor-element-161604e e-con-full e-flex e-con e-child\" data-id=\"161604e\" data-element_type=\"container\" data-e-type=\"container\">\n\t\t<div class=\"elementor-element elementor-element-a730f72 e-con-full e-flex e-con e-child\" data-id=\"a730f72\" data-element_type=\"container\" data-e-type=\"container\">\n\t\t<div class=\"elementor-element elementor-element-aad7f43 e-con-full e-flex e-con e-child\" data-id=\"aad7f43\" data-element_type=\"container\" data-e-type=\"container\">\n\t\t\t\t<div class=\"elementor-element elementor-element-90a6133 elementor-widget elementor-widget-heading\" data-id=\"90a6133\" data-element_type=\"widget\" data-e-type=\"widget\" data-widget_type=\"heading.default\">\n\t\t\t\t\t<h4 class=\"elementor-heading-title elementor-size-default\">2021 - 2015<\/h4>\t\t\t\t<\/div>\n\t\t\t\t<\/div>\n\t\t<div class=\"elementor-element elementor-element-efb875a e-con-full e-flex e-con e-child\" data-id=\"efb875a\" data-element_type=\"container\" data-e-type=\"container\">\n\t\t\t\t<div class=\"elementor-element elementor-element-aca347a elementor-widget__width-inherit elementor-widget elementor-widget-heading\" data-id=\"aca347a\" data-element_type=\"widget\" data-e-type=\"widget\" data-widget_type=\"heading.default\">\n\t\t\t\t\t<h4 class=\"elementor-heading-title elementor-size-default\">BSc Ingenier\u00eda Electr\u00f3nica<\/h4>\t\t\t\t<\/div>\n\t\t\t\t<div class=\"elementor-element elementor-element-390b00f elementor-widget__width-inherit elementor-widget elementor-widget-heading\" data-id=\"390b00f\" data-element_type=\"widget\" data-e-type=\"widget\" data-widget_type=\"heading.default\">\n\t\t\t\t\t<h4 class=\"elementor-heading-title elementor-size-default\">Pontificia Universidad Javeriana - Bogot\u00e1, Colombia<\/h4>\t\t\t\t<\/div>\n\t\t\t\t<\/div>\n\t\t\t\t<\/div>\n\t\t\t\t<div class=\"elementor-element elementor-element-93c6020 elementor-widget elementor-widget-text-editor\" data-id=\"93c6020\" data-element_type=\"widget\" data-e-type=\"widget\" data-widget_type=\"text-editor.default\">\n\t\t\t\t\t\t\t\t\t<ul><li><span style=\"font-size: 1rem; background-color: transparent;\">Dise\u00f1o y elaboraci\u00f3n de circuitos l\u00f3gicos y anal\u00f3gicos.<\/span><\/li><li><span style=\"font-size: 1rem; background-color: transparent;\">Dise\u00f1o de circuitos en PCB.<\/span><\/li><li><span style=\"font-size: 1rem; background-color: transparent;\">Medici\u00f3n y procesamiento de se\u00f1ales adquiridas por diversos sensores.\u00a0<\/span><\/li><li><span style=\"font-size: 1rem; background-color: transparent;\">Computer Vision.<\/span><\/li><\/ul>\t\t\t\t\t\t\t\t<\/div>\n\t\t\t\t<\/div>\n\t\t<div class=\"elementor-element elementor-element-50f197e e-con-full e-flex e-con e-child\" data-id=\"50f197e\" data-element_type=\"container\" data-e-type=\"container\">\n\t\t<div class=\"elementor-element elementor-element-94cdeee e-con-full e-flex e-con e-child\" data-id=\"94cdeee\" data-element_type=\"container\" data-e-type=\"container\">\n\t\t<div class=\"elementor-element elementor-element-9b0208b e-con-full e-flex e-con e-child\" data-id=\"9b0208b\" data-element_type=\"container\" data-e-type=\"container\">\n\t\t\t\t<div class=\"elementor-element elementor-element-fae9d7e elementor-widget elementor-widget-heading\" data-id=\"fae9d7e\" data-element_type=\"widget\" data-e-type=\"widget\" data-widget_type=\"heading.default\">\n\t\t\t\t\t<h4 class=\"elementor-heading-title elementor-size-default\">2020<\/h4>\t\t\t\t<\/div>\n\t\t\t\t<\/div>\n\t\t<div class=\"elementor-element elementor-element-c318974 e-con-full e-flex e-con e-child\" data-id=\"c318974\" data-element_type=\"container\" data-e-type=\"container\">\n\t\t\t\t<div class=\"elementor-element elementor-element-d1cad9d elementor-widget__width-inherit elementor-widget elementor-widget-heading\" data-id=\"d1cad9d\" data-element_type=\"widget\" data-e-type=\"widget\" data-widget_type=\"heading.default\">\n\t\t\t\t\t<h4 class=\"elementor-heading-title elementor-size-default\">Diplomado Desarrollo Aplicaciones Web<\/h4>\t\t\t\t<\/div>\n\t\t\t\t<div class=\"elementor-element elementor-element-c53713a elementor-widget__width-inherit elementor-widget elementor-widget-heading\" data-id=\"c53713a\" data-element_type=\"widget\" data-e-type=\"widget\" data-widget_type=\"heading.default\">\n\t\t\t\t\t<h4 class=\"elementor-heading-title elementor-size-default\">Universidad Tecnologica de Pereira - Bogot\u00e1 (Remoto), Colombia<\/h4>\t\t\t\t<\/div>\n\t\t\t\t<\/div>\n\t\t\t\t<\/div>\n\t\t\t\t<div class=\"elementor-element elementor-element-dc597f9 elementor-widget elementor-widget-text-editor\" data-id=\"dc597f9\" data-element_type=\"widget\" data-e-type=\"widget\" data-widget_type=\"text-editor.default\">\n\t\t\t\t\t\t\t\t\t<ul><li><span style=\"font-size: 1rem; background-color: transparent;\">Dise\u00f1o UI \/ UX.<\/span><\/li><li>Desarrollo de aplicaciones web.<\/li><\/ul>\t\t\t\t\t\t\t\t<\/div>\n\t\t\t\t<\/div>\n\t\t\t\t<\/div>\n\t\t\t\t<\/div>\n\t\t<div class=\"elementor-element elementor-element-fb23524 e-con-full e-flex e-con e-parent\" data-id=\"fb23524\" data-element_type=\"container\" data-e-type=\"container\">\n\t\t<div class=\"elementor-element elementor-element-40e05f4 e-con-full e-flex e-con e-child\" data-id=\"40e05f4\" data-element_type=\"container\" data-e-type=\"container\">\n\t\t\t\t<div class=\"elementor-element elementor-element-d3d8c8d elementor-widget elementor-widget-heading\" data-id=\"d3d8c8d\" data-element_type=\"widget\" data-e-type=\"widget\" data-widget_type=\"heading.default\">\n\t\t\t\t\t<h2 class=\"elementor-heading-title elementor-size-default\">Reconocimientos<\/h2>\t\t\t\t<\/div>\n\t\t\t\t<\/div>\n\t\t<div class=\"elementor-element elementor-element-0a6faf3 e-con-full glass-card e-flex e-con e-child\" data-id=\"0a6faf3\" data-element_type=\"container\" data-e-type=\"container\">\n\t\t<div class=\"elementor-element elementor-element-26d3d35 e-con-full e-flex e-con e-child\" data-id=\"26d3d35\" data-element_type=\"container\" data-e-type=\"container\">\n\t\t<div class=\"elementor-element elementor-element-61c815e e-con-full e-flex e-con e-child\" data-id=\"61c815e\" data-element_type=\"container\" data-e-type=\"container\">\n\t\t<div class=\"elementor-element elementor-element-85c5718 e-con-full e-flex e-con e-child\" data-id=\"85c5718\" data-element_type=\"container\" data-e-type=\"container\">\n\t\t\t\t<div class=\"elementor-element elementor-element-971682e elementor-widget elementor-widget-heading\" data-id=\"971682e\" data-element_type=\"widget\" data-e-type=\"widget\" data-widget_type=\"heading.default\">\n\t\t\t\t\t<h4 class=\"elementor-heading-title elementor-size-default\">2025<\/h4>\t\t\t\t<\/div>\n\t\t\t\t<\/div>\n\t\t<div class=\"elementor-element elementor-element-dbb1619 e-con-full e-flex e-con e-child\" data-id=\"dbb1619\" data-element_type=\"container\" data-e-type=\"container\">\n\t\t\t\t<div class=\"elementor-element elementor-element-6b5fe24 elementor-widget__width-inherit elementor-widget elementor-widget-heading\" data-id=\"6b5fe24\" data-element_type=\"widget\" data-e-type=\"widget\" data-widget_type=\"heading.default\">\n\t\t\t\t\t<h4 class=\"elementor-heading-title elementor-size-default\">Plan de estimulos nacional para el desarrollo de proyectos transmedia<\/h4>\t\t\t\t<\/div>\n\t\t\t\t<div class=\"elementor-element elementor-element-2c00f73 elementor-widget__width-inherit elementor-widget elementor-widget-heading\" data-id=\"2c00f73\" data-element_type=\"widget\" data-e-type=\"widget\" data-widget_type=\"heading.default\">\n\t\t\t\t\t<h4 class=\"elementor-heading-title elementor-size-default\">Ministerio de las Culturas, los Artes y los Saberes - Colombia<\/h4>\t\t\t\t<\/div>\n\t\t\t\t<\/div>\n\t\t\t\t<\/div>\n\t\t\t\t<\/div>\n\t\t\t\t<\/div>\n\t\t\t\t<\/div>\n\t\t<div class=\"elementor-element elementor-element-20f9bea e-con-full e-flex e-con e-parent\" data-id=\"20f9bea\" data-element_type=\"container\" data-e-type=\"container\">\n\t\t<div class=\"elementor-element elementor-element-3c672e4 e-con-full e-flex e-con e-child\" data-id=\"3c672e4\" data-element_type=\"container\" data-e-type=\"container\">\n\t\t\t\t<div class=\"elementor-element elementor-element-3e4e664 elementor-widget elementor-widget-heading\" data-id=\"3e4e664\" data-element_type=\"widget\" data-e-type=\"widget\" data-widget_type=\"heading.default\">\n\t\t\t\t\t<h2 class=\"elementor-heading-title elementor-size-default\">Competencias<\/h2>\t\t\t\t<\/div>\n\t\t\t\t<\/div>\n\t\t<div class=\"elementor-element elementor-element-797aaaf e-con-full glass-card e-flex e-con e-child\" data-id=\"797aaaf\" data-element_type=\"container\" data-e-type=\"container\">\n\t\t<div class=\"elementor-element elementor-element-1014eca e-con-full e-flex e-con e-child\" data-id=\"1014eca\" data-element_type=\"container\" data-e-type=\"container\">\n\t\t<div class=\"elementor-element elementor-element-96e9f5f e-con-full e-flex e-con e-child\" data-id=\"96e9f5f\" data-element_type=\"container\" data-e-type=\"container\">\n\t\t\t\t<div class=\"elementor-element elementor-element-74590d4 elementor-widget__width-inherit elementor-widget elementor-widget-heading\" data-id=\"74590d4\" data-element_type=\"widget\" data-e-type=\"widget\" data-widget_type=\"heading.default\">\n\t\t\t\t\t<h4 class=\"elementor-heading-title elementor-size-default\">Ciencia de Datos &amp; IA<\/h4>\t\t\t\t<\/div>\n\t\t\t\t<\/div>\n\t\t<div class=\"elementor-element elementor-element-628985b e-con-full e-flex e-con e-child\" data-id=\"628985b\" data-element_type=\"container\" data-e-type=\"container\">\n\t\t\t\t<div class=\"elementor-element elementor-element-74aba9b elementor-widget elementor-widget-text-editor\" data-id=\"74aba9b\" data-element_type=\"widget\" data-e-type=\"widget\" data-widget_type=\"text-editor.default\">\n\t\t\t\t\t\t\t\t\t<p><span style=\"font-size: 1rem; background-color: transparent;\">Python | <\/span><span style=\"font-size: 1rem; background-color: transparent;\">LLMs | <\/span><span style=\"font-size: 1rem; background-color: transparent;\">SQL <\/span><span style=\"font-size: 1rem; background-color: transparent;\">| Hugging Face<\/span><\/p>\t\t\t\t\t\t\t\t<\/div>\n\t\t\t\t<\/div>\n\t\t\t\t<\/div>\n\t\t<div class=\"elementor-element elementor-element-fbf4ca9 e-con-full e-flex e-con e-child\" data-id=\"fbf4ca9\" data-element_type=\"container\" data-e-type=\"container\">\n\t\t<div class=\"elementor-element elementor-element-990a0f4 e-con-full e-flex e-con e-child\" data-id=\"990a0f4\" data-element_type=\"container\" data-e-type=\"container\">\n\t\t\t\t<div class=\"elementor-element elementor-element-e974131 elementor-widget__width-inherit elementor-widget elementor-widget-heading\" data-id=\"e974131\" data-element_type=\"widget\" data-e-type=\"widget\" data-widget_type=\"heading.default\">\n\t\t\t\t\t<h4 class=\"elementor-heading-title elementor-size-default\">Desarrollo y Programaci\u00f3n<\/h4>\t\t\t\t<\/div>\n\t\t\t\t<\/div>\n\t\t<div class=\"elementor-element elementor-element-2512a6a e-con-full e-flex e-con e-child\" data-id=\"2512a6a\" data-element_type=\"container\" data-e-type=\"container\">\n\t\t\t\t<div class=\"elementor-element elementor-element-2d1a83c elementor-widget elementor-widget-text-editor\" data-id=\"2d1a83c\" data-element_type=\"widget\" data-e-type=\"widget\" data-widget_type=\"text-editor.default\">\n\t\t\t\t\t\t\t\t\t<p>JavaScript | React Native | HTML | CSS | C++ | Java | GitHub | LATEX | Desarrollo Front-end | Dise\u00f1o y Desarrollo UX\/UI.<\/p>\t\t\t\t\t\t\t\t<\/div>\n\t\t\t\t<\/div>\n\t\t\t\t<\/div>\n\t\t<div class=\"elementor-element elementor-element-703ed6d e-con-full e-flex e-con e-child\" data-id=\"703ed6d\" data-element_type=\"container\" data-e-type=\"container\">\n\t\t<div class=\"elementor-element elementor-element-9c58dfb e-con-full e-flex e-con e-child\" data-id=\"9c58dfb\" data-element_type=\"container\" data-e-type=\"container\">\n\t\t\t\t<div class=\"elementor-element elementor-element-03d98bd elementor-widget__width-inherit elementor-widget elementor-widget-heading\" data-id=\"03d98bd\" data-element_type=\"widget\" data-e-type=\"widget\" data-widget_type=\"heading.default\">\n\t\t\t\t\t<h4 class=\"elementor-heading-title elementor-size-default\">Audio y Creatividad<\/h4>\t\t\t\t<\/div>\n\t\t\t\t<\/div>\n\t\t<div class=\"elementor-element elementor-element-3082f3f e-con-full e-flex e-con e-child\" data-id=\"3082f3f\" data-element_type=\"container\" data-e-type=\"container\">\n\t\t\t\t<div class=\"elementor-element elementor-element-768fdf2 elementor-widget elementor-widget-text-editor\" data-id=\"768fdf2\" data-element_type=\"widget\" data-e-type=\"widget\" data-widget_type=\"text-editor.default\">\n\t\t\t\t\t\t\t\t\t<p>Touch Designer | Supercollider | Processing (P5.js) | Figma | WordPress | Ableton Live | Arduino<\/p>\t\t\t\t\t\t\t\t<\/div>\n\t\t\t\t<\/div>\n\t\t\t\t<\/div>\n\t\t\t\t<\/div>\n\t\t\t\t<\/div>\n\t\t<div class=\"elementor-element elementor-element-ee56973 e-flex e-con-boxed e-con e-parent\" data-id=\"ee56973\" data-element_type=\"container\" data-e-type=\"container\">\n\t\t\t\t\t<div class=\"e-con-inner\">\n\t\t\t\t<div class=\"elementor-element elementor-element-856e2dc elementor-widget elementor-widget-html\" data-id=\"856e2dc\" data-element_type=\"widget\" data-e-type=\"widget\" data-widget_type=\"html.default\">\n\t\t\t\t\t<script src=\"https:\/\/cdnjs.cloudflare.com\/ajax\/libs\/p5.js\/1.4.0\/p5.min.js\"><\/script>\n\n<style>\n  #nebula-stable-core-canvas {\n    position: fixed;\n    top: 0;\n    left: 0;\n    width: 100%;\n    height: 100%;\n    z-index: -1;\n    pointer-events: none;\n  }\n \n  \/* Clase Maestra para el Efecto Cristal *\/\n.glass-card {\n    background: rgba(11, 13, 21, 0.2) !important; \/* Fondo azul oscuro semitransparente *\/\n    backdrop-filter: blur(10px) !important; \/* El desenfoque detr\u00e1s del cristal *\/\n    -webkit-backdrop-filter: blur(12px); \/* Para Safari *\/\n    border: 1px solid rgba(255, 255, 255, 0.1) !important; \/* Borde sutil *\/\n    border-radius: 12px !important; \/* Bordes redondeados *\/\n    padding: 10px !important; \/* Espacio interno *\/\n    transition: transform 0.3s ease, border-color 0.3s ease !important;\n}\n\n\n<\/style>\n\n<script>\nlet t = 0; \/\/ Tiempo\nlet stars = [];\n\nfunction setup() {\n  let canvas = createCanvas(windowWidth, windowHeight);\n  canvas.id('nebula-stable-core-canvas');\n  noStroke();\n  \n  \/\/ Estrellas de fondo\n  for (let i = 0; i < 300; i++) {\n    stars.push({\n      x: random(width),\n      y: random(height),\n      size: random(0.5, 3),\n      alpha: random(50, 220)\n    });\n  }\n}\n\nfunction draw() {\n  background(11,12,21); \n\n   \/\/ ==========================================\n  \/\/ CAPA 1: ESTRELLAS\n  \/\/ ==========================================\n  \n  blendMode(BLEND);\n  drawingContext.filter = 'none'; \n  \n\n    noStroke();\n    for (let i = 0; i < stars.length; i++) {\n      fill(255, 255, 255, stars[i].alpha);\n      ellipse(stars[i].x, stars[i].y, stars[i].size);\n    }\n  \n  \n  \/\/ ==========================================\n  \/\/ CAPA 2: LA AURORA\n  \/\/ ==========================================\n  \n  stroke(255); \n  noFill();    \n  \n  let step = 2; \n  strokeWeight(4); \n\n  for (let x = 0; x < width; x += step) {\n    \n    \/\/ Forma Natural\n    let baseNoise = noise(x * 0.003, t * 0.3);\n    let naturalY = map(baseNoise, 0, 1, height * 0.4, height * 0.85); \n\n    \/\/ Longitud (Gas)\n    let lenNoise = noise(x * 0.01, t * 0.5);\n    let beamLength = map(lenNoise, 0, 1, 20, 400); \n\n    let finalBaseY = naturalY;\n\n    \/\/ F\u00edsica Mouse\n    let distToMouseX = abs(x - mouseX);\n    let magnetRadius = 500; \n    \n    if (distToMouseX < magnetRadius) {\n      let horizontalFactor = (magnetRadius - distToMouseX) \/ magnetRadius;\n      let deltaY = naturalY - mouseY;\n      let displacement = deltaY * horizontalFactor * 0.5;\n      finalBaseY -= displacement;\n    }\n\n    \/\/ Dibujado\n    let topY = finalBaseY - beamLength;\n    let gradient = drawingContext.createLinearGradient(x, finalBaseY, x, topY);\n    \n    \/\/ COLORES (Tu paleta Verde\/Rosada)\n    gradient.addColorStop(0, 'rgba(126, 179, 117, 0)'); \n    gradient.addColorStop(0.2, 'rgba(0, 255, 163, 0.25)');\n    gradient.addColorStop(0.5, 'rgba(149, 166, 166, 0.2)'); \n    gradient.addColorStop(0.8, 'rgba(253,103, 163, 0.2)');\n    gradient.addColorStop(1, 'rgba(253,103, 163, 0)');\n\n    drawingContext.strokeStyle = gradient;\n    line(x, finalBaseY, x, topY);\n  }\n\n  t += 0.006; \n}\n\nfunction windowResized() {\n  resizeCanvas(windowWidth, windowHeight);\n  stars = [];\n  setup(); \n}\n<\/script>\t\t\t\t<\/div>\n\t\t\t\t\t<\/div>\n\t\t\t\t<\/div>\n\t\t\t\t<\/div>\n\t\t","protected":false},"excerpt":{"rendered":"<p>Juan Sebastian Mendez Mi trabajo existe en la intersecci\u00f3n entre la ingenier\u00eda y la creatividad. Como maestro en Music Engineering por el Politecnico di Milano, me dedico al dise\u00f1o y desarrollo de soluciones digitales creativas. En paralelo, potencio procesos y productos implementando modelos de Inteligencia Artificial y automatizaci\u00f3n. No solo escribo c\u00f3digo; dise\u00f1o sistemas que [&hellip;]<\/p>\n","protected":false},"author":1,"featured_media":0,"parent":0,"menu_order":0,"comment_status":"closed","ping_status":"closed","template":"elementor_header_footer","meta":{"footnotes":""},"class_list":["post-30","page","type-page","status-publish","hentry"],"_links":{"self":[{"href":"https:\/\/juansebastianmendez.com\/en\/wp-json\/wp\/v2\/pages\/30","targetHints":{"allow":["GET"]}}],"collection":[{"href":"https:\/\/juansebastianmendez.com\/en\/wp-json\/wp\/v2\/pages"}],"about":[{"href":"https:\/\/juansebastianmendez.com\/en\/wp-json\/wp\/v2\/types\/page"}],"author":[{"embeddable":true,"href":"https:\/\/juansebastianmendez.com\/en\/wp-json\/wp\/v2\/users\/1"}],"replies":[{"embeddable":true,"href":"https:\/\/juansebastianmendez.com\/en\/wp-json\/wp\/v2\/comments?post=30"}],"version-history":[{"count":118,"href":"https:\/\/juansebastianmendez.com\/en\/wp-json\/wp\/v2\/pages\/30\/revisions"}],"predecessor-version":[{"id":1101,"href":"https:\/\/juansebastianmendez.com\/en\/wp-json\/wp\/v2\/pages\/30\/revisions\/1101"}],"wp:attachment":[{"href":"https:\/\/juansebastianmendez.com\/en\/wp-json\/wp\/v2\/media?parent=30"}],"curies":[{"name":"wp","href":"https:\/\/api.w.org\/{rel}","templated":true}]}}